{"id":5412,"date":"2026-03-05T15:45:59","date_gmt":"2026-03-05T20:45:59","guid":{"rendered":"https:\/\/haleco.ca\/faq\/"},"modified":"2026-03-06T07:09:08","modified_gmt":"2026-03-06T12:09:08","slug":"faq","status":"publish","type":"page","link":"https:\/\/haleco.ca\/en\/faq\/","title":{"rendered":"FAQ"},"content":{"rendered":"\t\t<div data-elementor-type=\"wp-page\" data-elementor-id=\"5412\" class=\"elementor elementor-5412 elementor-5368\" data-elementor-post-type=\"page\">\n\t\t\t\t<div class=\"elementor-element elementor-element-3685dc4 e-flex e-con-boxed e-con e-parent\" data-id=\"3685dc4\" data-element_type=\"container\" data-e-type=\"container\" data-settings=\"{&quot;background_background&quot;:&quot;classic&quot;}\">\n\t\t\t\t\t<div class=\"e-con-inner\">\n\t\t\t\t<div class=\"elementor-element elementor-element-d7dd601 elementor-invisible elementor-widget elementor-widget-heading\" data-id=\"d7dd601\" data-element_type=\"widget\" data-e-type=\"widget\" data-settings=\"{&quot;_animation&quot;:&quot;fadeInDown&quot;}\" data-widget_type=\"heading.default\">\n\t\t\t\t<div class=\"elementor-widget-container\">\n\t\t\t\t\t<h1 class=\"elementor-heading-title elementor-size-default\">Frequently asked questions<\/h1>\t\t\t\t<\/div>\n\t\t\t\t<\/div>\n\t\t\t\t<div class=\"elementor-element elementor-element-051b789 elementor-widget elementor-widget-ucaddon_content_accordion\" data-id=\"051b789\" data-element_type=\"widget\" data-e-type=\"widget\" data-widget_type=\"ucaddon_content_accordion.default\">\n\t\t\t\t<div class=\"elementor-widget-container\">\n\t\t\t\t\t\n<!-- start Content Accordion -->\n\t\t<link id='font-awesome-css' href='https:\/\/haleco.ca\/wp-content\/plugins\/unlimited-elements-for-elementor-premium\/assets_libraries\/font-awesome6\/fontawesome-all.min.css' type='text\/css' rel='stylesheet' >\n\t\t<link id='font-awesome-4-shim-css' href='https:\/\/haleco.ca\/wp-content\/plugins\/unlimited-elements-for-elementor-premium\/assets_libraries\/font-awesome6\/fontawesome-v4-shims.min.css' type='text\/css' rel='stylesheet' >\n\n<style>\/* widget: Content Accordion *\/\n\n\n\n#uc_content_accordion_elementor_051b789 *{\n  box-sizing: border-box;\n}\n\n#uc_content_accordion_elementor_051b789 .ue_heading_title{\n  margin:0;\n  flex-grow:1;\n  display:flex;\n  flex-direction:row;\n}\n\n#uc_content_accordion_elementor_051b789 .uc_container .uc-heading{\n\tdisplay:flex;\n    align-items:center;\n\toverflow:hidden;\n\tcursor:pointer;  \n}\n\n#uc_content_accordion_elementor_051b789 .uc_container .uc_content{\n    display:none;\n}\n\n#uc_content_accordion_elementor_051b789 .uc_container .uc-heading span.ue_accordion_icon{\n\tdisplay:flex;\n    align-items:center;\n   \tjustify-content:center;\n    flex-grow:0;\n    flex-shrink:0;\n}\n\n#uc_content_accordion_elementor_051b789 .uc_ac_box.uc-item-active span.uc_dactive{\n\tdisplay:none;\n}\n\n#uc_content_accordion_elementor_051b789 .uc_ac_box:not(.uc-item-active) span.uc_active{\n\tdisplay:none;\n}\n\n#uc_content_accordion_elementor_051b789 span.ue_accordion_icon svg{\n  height:1em;\n  width:1em;\n}\n\n#uc_content_accordion_elementor_051b789 .uc_container .uc_btn {\n    text-align: center;\n    display: inline-block;\n    text-decoration: none;\n    transition: ease-in-out all 0.25s;\n}\n\n#uc_content_accordion_elementor_051b789 .ue-item-image img{\n  width:100%;\n  display:block;\n  object-fit:cover;\n}\n\n<\/style>\n\n<div class=\"uc_material_accordion  \"  id=\"uc_content_accordion_elementor_051b789\"  data-name=\"\" data-scroll=\"off\" data-offset=\"0\" data-closeothers=\"true\" data-set-hash=\"false\" >\n  <div class=\"uc_container uc-items-wrapper\">\n    \n\n\t\t\n\n\n<div id=\"#ue-tab1\" class=\"uc_ac_box elementor-repeater-item-b3d56b3 uc-item-active\" style=\"background-color:;\">\n  <a href=\"javascript:void(0)\" class=\"uc-heading uc_trigger\" role=\"button\">\n    <span class=\"uc_dactive bbb ue_accordion_icon\"><i class=''><\/i><\/span> \n    <span class=\"uc_active bbb ue_accordion_icon\"><i class=''><\/i><\/span>\n    <div class=\"ue_heading_title\">Where is Haleco located in Montr\u00e9al, and in which neighbourhood is the building situated?<\/div>\n  <\/a>\n  \n  <div class=\"uc_content\" style='display:block'>\n        \n      \n         \n                        \n      \n              <div class=\"ue-item-text\"><p>Haleco is located in Montr\u00e9al\u2019s vibrant Southwest district, a fast\u2011growing area known for its proximity to the Lachine Canal, its green spaces, and its urban lifestyle. The building offers an ideal location that combines easy access to downtown with a peaceful residential setting.<\/p>\n<\/div>\n      \n              \n      <\/div> \n<\/div>\n\n\n\n\n\n<div id=\"#ue-tab2\" class=\"uc_ac_box elementor-repeater-item-2822409 \" style=\"background-color:;\">\n  <a href=\"javascript:void(0)\" class=\"uc-heading uc_trigger\" role=\"button\">\n    <span class=\"uc_dactive bbb ue_accordion_icon\"><i class=''><\/i><\/span> \n    <span class=\"uc_active bbb ue_accordion_icon\"><i class=''><\/i><\/span>\n    <div class=\"ue_heading_title\">Is Haleco close to the Lachine Canal and Griffintown?<\/div>\n  <\/a>\n  \n  <div class=\"uc_content\" >\n        \n      \n         \n                        \n      \n              <div class=\"ue-item-text\"><p>Yes, Haleco is right across from the Lachine Canal and only a few minutes from Griffintown. Residents can enjoy bike paths, waterfront walking areas, a dog park just behind the building, as well as the neighbourhood\u2019s popular restaurants, caf\u00e9s, and shops. It\u2019s a highly desirable location for experiencing Montr\u00e9al to the fullest.<\/p>\n<\/div>\n      \n              \n      <\/div> \n<\/div>\n\n\n\n\n\n<div id=\"#ue-tab3\" class=\"uc_ac_box elementor-repeater-item-2daffe3 \" style=\"background-color:;\">\n  <a href=\"javascript:void(0)\" class=\"uc-heading uc_trigger\" role=\"button\">\n    <span class=\"uc_dactive bbb ue_accordion_icon\"><i class=''><\/i><\/span> \n    <span class=\"uc_active bbb ue_accordion_icon\"><i class=''><\/i><\/span>\n    <div class=\"ue_heading_title\">What are the advantages of living in Montr\u00e9al\u2019s Southwest district?<\/div>\n  <\/a>\n  \n  <div class=\"uc_content\" >\n        \n      \n         \n                        \n      \n              <div class=\"ue-item-text\"><p>The Southwest is one of Montr\u00e9al\u2019s most sought\u2011after neighbourhoods thanks to its balance of nature and urban life. It offers the Lachine Canal, several parks, local services, a growing food scene, and quick access to downtown. It\u2019s an ideal area for an active and modern lifestyle.<\/p>\n<\/div>\n      \n              \n      <\/div> \n<\/div>\n\n\n\n\n\n<div id=\"#ue-tab4\" class=\"uc_ac_box elementor-repeater-item-0be674d \" style=\"background-color:;\">\n  <a href=\"javascript:void(0)\" class=\"uc-heading uc_trigger\" role=\"button\">\n    <span class=\"uc_dactive bbb ue_accordion_icon\"><i class=''><\/i><\/span> \n    <span class=\"uc_active bbb ue_accordion_icon\"><i class=''><\/i><\/span>\n    <div class=\"ue_heading_title\">What public transportation and mobility options are available near Haleco?<\/div>\n  <\/a>\n  \n  <div class=\"uc_content\" >\n        \n      \n         \n                        \n      \n              <div class=\"ue-item-text\"><p>Haleco is well served by public transit, with several bus lines nearby (35, 61, 74, 107) and access to metro stations (Bonaventure and Square\u2011Victoria\u2013OACI). The area is also very bike\u2011friendly thanks to the Lachine Canal bike paths and two Bixi stations less than a two\u2011minute walk away. As a Haleco resident, you also benefit from a free car\u2011sharing service that gives you access to an electric vehicle.<\/p>\n<\/div>\n      \n              \n      <\/div> \n<\/div>\n\n\n\n\n\n<div id=\"#ue-tab5\" class=\"uc_ac_box elementor-repeater-item-f351ea5 \" style=\"background-color:;\">\n  <a href=\"javascript:void(0)\" class=\"uc-heading uc_trigger\" role=\"button\">\n    <span class=\"uc_dactive bbb ue_accordion_icon\"><i class=''><\/i><\/span> \n    <span class=\"uc_active bbb ue_accordion_icon\"><i class=''><\/i><\/span>\n    <div class=\"ue_heading_title\">Is indoor parking available at Haleco, and can residents rent more than one space?<\/div>\n  <\/a>\n  \n  <div class=\"uc_content\" >\n        \n      \n         \n                        \n      \n              <div class=\"ue-item-text\"><p>Yes, Haleco offers secure indoor parking for residents. It is also possible to rent more than one parking space, although availability may vary depending on demand. We recommend checking with the leasing agent for current availability.<\/p>\n<\/div>\n      \n              \n      <\/div> \n<\/div>\n\n\n\n\n\n<div id=\"#ue-tab6\" class=\"uc_ac_box elementor-repeater-item-043f2e2 \" style=\"background-color:;\">\n  <a href=\"javascript:void(0)\" class=\"uc-heading uc_trigger\" role=\"button\">\n    <span class=\"uc_dactive bbb ue_accordion_icon\"><i class=''><\/i><\/span> \n    <span class=\"uc_active bbb ue_accordion_icon\"><i class=''><\/i><\/span>\n    <div class=\"ue_heading_title\">What types of apartments are offered at Haleco, and who are they designed for?<\/div>\n  <\/a>\n  \n  <div class=\"uc_content\" >\n        \n      \n         \n                        \n      \n              <div class=\"ue-item-text\"><p>Haleco offers a variety of rental apartments in Montr\u00e9al, including studios, 1\u2011bedroom units and 2\u2011bedroom units. These apartments are suitable for young professionals, couples, and families looking for a modern, comfortable living space in the Southwest.<\/p>\n<\/div>\n      \n              \n      <\/div> \n<\/div>\n\n\n\n\n\n<div id=\"#ue-tab7\" class=\"uc_ac_box elementor-repeater-item-3cc63fa \" style=\"background-color:;\">\n  <a href=\"javascript:void(0)\" class=\"uc-heading uc_trigger\" role=\"button\">\n    <span class=\"uc_dactive bbb ue_accordion_icon\"><i class=''><\/i><\/span> \n    <span class=\"uc_active bbb ue_accordion_icon\"><i class=''><\/i><\/span>\n    <div class=\"ue_heading_title\">What is included in the rent at Haleco?<\/div>\n  <\/a>\n  \n  <div class=\"uc_content\" >\n        \n      \n         \n                        \n      \n              <div class=\"ue-item-text\"><p>Haleco apartments include practical features that make daily life easier, depending on the unit. They come with modern appliances, access to fully equipped common areas, and a car\u2011sharing program.<\/p>\n<\/div>\n      \n              \n      <\/div> \n<\/div>\n\n\n\n\n\n<div id=\"#ue-tab8\" class=\"uc_ac_box elementor-repeater-item-ddd106c \" style=\"background-color:;\">\n  <a href=\"javascript:void(0)\" class=\"uc-heading uc_trigger\" role=\"button\">\n    <span class=\"uc_dactive bbb ue_accordion_icon\"><i class=''><\/i><\/span> \n    <span class=\"uc_active bbb ue_accordion_icon\"><i class=''><\/i><\/span>\n    <div class=\"ue_heading_title\">What common spaces and services are available to Haleco residents?<\/div>\n  <\/a>\n  \n  <div class=\"uc_content\" >\n        \n      \n         \n                        \n      \n              <div class=\"ue-item-text\"><p>Haleco offers common areas designed for residents\u2019 comfort and daily life: coworking spaces, two terraces with panoramic views of downtown Montr\u00e9al and the Lachine Canal, a fully equipped gym, a yoga room, a billiards table, a lounge area, and a communal kitchen.<\/p>\n<\/div>\n      \n              \n      <\/div> \n<\/div>\n\n\n\n\n\n<div id=\"#ue-tab9\" class=\"uc_ac_box elementor-repeater-item-fdb36a4 \" style=\"background-color:;\">\n  <a href=\"javascript:void(0)\" class=\"uc-heading uc_trigger\" role=\"button\">\n    <span class=\"uc_dactive bbb ue_accordion_icon\"><i class=''><\/i><\/span> \n    <span class=\"uc_active bbb ue_accordion_icon\"><i class=''><\/i><\/span>\n    <div class=\"ue_heading_title\">Is Haleco pet\u2011friendly, and are there green spaces nearby?<\/div>\n  <\/a>\n  \n  <div class=\"uc_content\" >\n        \n      \n         \n                        \n      \n              <div class=\"ue-item-text\"><p>Yes, Haleco accepts pets under certain conditions, making it a great choice for renters with dogs or cats. The neighbourhood also offers several parks and green spaces, along with the Lachine Canal, perfect for daily walks in a pleasant urban setting.<\/p>\n<\/div>\n      \n              \n      <\/div> \n<\/div>\n\n\n\n\n\n<div id=\"#ue-tab10\" class=\"uc_ac_box elementor-repeater-item-ee83e03 \" style=\"background-color:;\">\n  <a href=\"javascript:void(0)\" class=\"uc-heading uc_trigger\" role=\"button\">\n    <span class=\"uc_dactive bbb ue_accordion_icon\"><i class=''><\/i><\/span> \n    <span class=\"uc_active bbb ue_accordion_icon\"><i class=''><\/i><\/span>\n    <div class=\"ue_heading_title\">Why choose Haleco over another rental building in Montr\u00e9al?<\/div>\n  <\/a>\n  \n  <div class=\"uc_content\" >\n        \n      \n         \n                        \n      \n              <div class=\"ue-item-text\"><p>Choosing Haleco means opting for a modern rental building in one of Montr\u00e9al\u2019s most desirable areas, close to the Lachine Canal and Griffintown. With a variety of apartment options, sustainable features, high\u2011quality common areas, easy access to services, and competitive pricing, Haleco offers a unique lifestyle in the Southwest.<\/p>\n<\/div>\n      \n              \n      <\/div> \n<\/div>\n\n  <\/div>\n<\/div>\n\n\n<!-- end Content Accordion -->\t\t\t\t<\/div>\n\t\t\t\t<\/div>\n\t\t\t\t\t<\/div>\n\t\t\t\t<\/div>\n\t\t\t\t<\/div>\n\t\t","protected":false},"excerpt":{"rendered":"<p>Frequently asked questions Where is Haleco located in Montr\u00e9al, and in which neighbourhood is the building situated? Haleco is located [&hellip;]<\/p>\n","protected":false},"author":1,"featured_media":0,"parent":0,"menu_order":0,"comment_status":"closed","ping_status":"closed","template":"","meta":{"_acf_changed":false,"site-sidebar-layout":"no-sidebar","site-content-layout":"","ast-site-content-layout":"full-width-container","site-content-style":"default","site-sidebar-style":"default","ast-global-header-display":"","ast-banner-title-visibility":"","ast-main-header-display":"","ast-hfb-above-header-display":"","ast-hfb-below-header-display":"","ast-hfb-mobile-header-display":"","site-post-title":"disabled","ast-breadcrumbs-content":"","ast-featured-img":"disabled","footer-sml-layout":"","ast-disable-related-posts":"","theme-transparent-header-meta":"","adv-header-id-meta":"","stick-header-meta":"","header-above-stick-meta":"","header-main-stick-meta":"","header-below-stick-meta":"","astra-migrate-meta-layouts":"default","ast-page-background-enabled":"default","ast-page-background-meta":{"desktop":{"background-color":"var(--ast-global-color-5)","background-image":"","background-repeat":"repeat","background-position":"center center","background-size":"auto","background-attachment":"scroll","background-type":"","background-media":"","overlay-type":"","overlay-color":"","overlay-opacity":"","overlay-gradient":""},"tablet":{"background-color":"","background-image":"","background-repeat":"repeat","background-position":"center center","background-size":"auto","background-attachment":"scroll","background-type":"","background-media":"","overlay-type":"","overlay-color":"","overlay-opacity":"","overlay-gradient":""},"mobile":{"background-color":"","background-image":"","background-repeat":"repeat","background-position":"center center","background-size":"auto","background-attachment":"scroll","background-type":"","background-media":"","overlay-type":"","overlay-color":"","overlay-opacity":"","overlay-gradient":""}},"ast-content-background-meta":{"desktop":{"background-color":"var(--ast-global-color-4)","background-image":"","background-repeat":"repeat","background-position":"center center","background-size":"auto","background-attachment":"scroll","background-type":"","background-media":"","overlay-type":"","overlay-color":"","overlay-opacity":"","overlay-gradient":""},"tablet":{"background-color":"var(--ast-global-color-4)","background-image":"","background-repeat":"repeat","background-position":"center center","background-size":"auto","background-attachment":"scroll","background-type":"","background-media":"","overlay-type":"","overlay-color":"","overlay-opacity":"","overlay-gradient":""},"mobile":{"background-color":"var(--ast-global-color-4)","background-image":"","background-repeat":"repeat","background-position":"center center","background-size":"auto","background-attachment":"scroll","background-type":"","background-media":"","overlay-type":"","overlay-color":"","overlay-opacity":"","overlay-gradient":""}},"footnotes":""},"class_list":["post-5412","page","type-page","status-publish","hentry"],"acf":[],"yoast_head":"<!-- This site is optimized with the Yoast SEO plugin v27.4 - https:\/\/yoast.com\/product\/yoast-seo-wordpress\/ -->\n<title>FAQ - All You Need to Know About Our Apartments for Rent - Haleco<\/title>\n<meta name=\"description\" content=\"See the answers to frequently asked questions about our studios and apartments for rent and the advantages of choosing Haleco over another rental building in Montreal.l.\" \/>\n<meta name=\"robots\" content=\"index, follow, max-snippet:-1, max-image-preview:large, max-video-preview:-1\" \/>\n<link rel=\"canonical\" href=\"https:\/\/haleco.ca\/en\/faq\/\" \/>\n<meta property=\"og:locale\" content=\"en_US\" \/>\n<meta property=\"og:type\" content=\"article\" \/>\n<meta property=\"og:title\" content=\"FAQ - All You Need to Know About Our Apartments for Rent - Haleco\" \/>\n<meta property=\"og:description\" content=\"See the answers to frequently asked questions about our studios and apartments for rent and the advantages of choosing Haleco over another rental building in Montreal.l.\" \/>\n<meta property=\"og:url\" content=\"https:\/\/haleco.ca\/en\/faq\/\" \/>\n<meta property=\"og:site_name\" content=\"Haleco - Studios et appartements \u00e0 louer \u00e0 Montr\u00e9al\" \/>\n<meta property=\"article:publisher\" content=\"https:\/\/www.facebook.com\/people\/Haleco-Montral\/100083348798834\/\" \/>\n<meta property=\"article:modified_time\" content=\"2026-03-06T12:09:08+00:00\" \/>\n<meta name=\"twitter:card\" content=\"summary_large_image\" \/>\n<meta name=\"twitter:label1\" content=\"Est. reading time\" \/>\n\t<meta name=\"twitter:data1\" content=\"3 minutes\" \/>\n<script type=\"application\/ld+json\" class=\"yoast-schema-graph\">{\"@context\":\"https:\\\/\\\/schema.org\",\"@graph\":[{\"@type\":\"WebPage\",\"@id\":\"https:\\\/\\\/haleco.ca\\\/en\\\/faq\\\/\",\"url\":\"https:\\\/\\\/haleco.ca\\\/en\\\/faq\\\/\",\"name\":\"FAQ - All You Need to Know About Our Apartments for Rent - Haleco\",\"isPartOf\":{\"@id\":\"https:\\\/\\\/haleco.ca\\\/en\\\/#website\"},\"datePublished\":\"2026-03-05T20:45:59+00:00\",\"dateModified\":\"2026-03-06T12:09:08+00:00\",\"description\":\"See the answers to frequently asked questions about our studios and apartments for rent and the advantages of choosing Haleco over another rental building in Montreal.l.\",\"breadcrumb\":{\"@id\":\"https:\\\/\\\/haleco.ca\\\/en\\\/faq\\\/#breadcrumb\"},\"inLanguage\":\"en-US\",\"potentialAction\":[{\"@type\":\"ReadAction\",\"target\":[\"https:\\\/\\\/haleco.ca\\\/en\\\/faq\\\/\"]}]},{\"@type\":\"BreadcrumbList\",\"@id\":\"https:\\\/\\\/haleco.ca\\\/en\\\/faq\\\/#breadcrumb\",\"itemListElement\":[{\"@type\":\"ListItem\",\"position\":1,\"name\":\"Accueil\",\"item\":\"https:\\\/\\\/haleco.ca\\\/en\\\/home\\\/\"},{\"@type\":\"ListItem\",\"position\":2,\"name\":\"FAQ\"}]},{\"@type\":\"WebSite\",\"@id\":\"https:\\\/\\\/haleco.ca\\\/en\\\/#website\",\"url\":\"https:\\\/\\\/haleco.ca\\\/en\\\/\",\"name\":\"Haleco - Studios et appartements \u00e0 louer \u00e0 Montr\u00e9al\",\"description\":\"\",\"publisher\":{\"@id\":\"https:\\\/\\\/haleco.ca\\\/en\\\/#organization\"},\"potentialAction\":[{\"@type\":\"SearchAction\",\"target\":{\"@type\":\"EntryPoint\",\"urlTemplate\":\"https:\\\/\\\/haleco.ca\\\/en\\\/?s={search_term_string}\"},\"query-input\":{\"@type\":\"PropertyValueSpecification\",\"valueRequired\":true,\"valueName\":\"search_term_string\"}}],\"inLanguage\":\"en-US\"},{\"@type\":\"Organization\",\"@id\":\"https:\\\/\\\/haleco.ca\\\/en\\\/#organization\",\"name\":\"Haleco - Studios et appartements \u00e0 louer \u00e0 Montr\u00e9al\",\"url\":\"https:\\\/\\\/haleco.ca\\\/en\\\/\",\"logo\":{\"@type\":\"ImageObject\",\"inLanguage\":\"en-US\",\"@id\":\"https:\\\/\\\/haleco.ca\\\/en\\\/#\\\/schema\\\/logo\\\/image\\\/\",\"url\":\"https:\\\/\\\/haleco.ca\\\/wp-content\\\/uploads\\\/2025\\\/05\\\/logo-haleco.svg\",\"contentUrl\":\"https:\\\/\\\/haleco.ca\\\/wp-content\\\/uploads\\\/2025\\\/05\\\/logo-haleco.svg\",\"caption\":\"Haleco - Studios et appartements \u00e0 louer \u00e0 Montr\u00e9al\"},\"image\":{\"@id\":\"https:\\\/\\\/haleco.ca\\\/en\\\/#\\\/schema\\\/logo\\\/image\\\/\"},\"sameAs\":[\"https:\\\/\\\/www.facebook.com\\\/people\\\/Haleco-Montral\\\/100083348798834\\\/\",\"https:\\\/\\\/www.instagram.com\\\/haleco_mtl\\\/\"]}]}<\/script>\n<!-- \/ Yoast SEO plugin. -->","yoast_head_json":{"title":"FAQ - All You Need to Know About Our Apartments for Rent - Haleco","description":"See the answers to frequently asked questions about our studios and apartments for rent and the advantages of choosing Haleco over another rental building in Montreal.l.","robots":{"index":"index","follow":"follow","max-snippet":"max-snippet:-1","max-image-preview":"max-image-preview:large","max-video-preview":"max-video-preview:-1"},"canonical":"https:\/\/haleco.ca\/en\/faq\/","og_locale":"en_US","og_type":"article","og_title":"FAQ - All You Need to Know About Our Apartments for Rent - Haleco","og_description":"See the answers to frequently asked questions about our studios and apartments for rent and the advantages of choosing Haleco over another rental building in Montreal.l.","og_url":"https:\/\/haleco.ca\/en\/faq\/","og_site_name":"Haleco - Studios et appartements \u00e0 louer \u00e0 Montr\u00e9al","article_publisher":"https:\/\/www.facebook.com\/people\/Haleco-Montral\/100083348798834\/","article_modified_time":"2026-03-06T12:09:08+00:00","twitter_card":"summary_large_image","twitter_misc":{"Est. reading time":"3 minutes"},"schema":{"@context":"https:\/\/schema.org","@graph":[{"@type":"WebPage","@id":"https:\/\/haleco.ca\/en\/faq\/","url":"https:\/\/haleco.ca\/en\/faq\/","name":"FAQ - All You Need to Know About Our Apartments for Rent - Haleco","isPartOf":{"@id":"https:\/\/haleco.ca\/en\/#website"},"datePublished":"2026-03-05T20:45:59+00:00","dateModified":"2026-03-06T12:09:08+00:00","description":"See the answers to frequently asked questions about our studios and apartments for rent and the advantages of choosing Haleco over another rental building in Montreal.l.","breadcrumb":{"@id":"https:\/\/haleco.ca\/en\/faq\/#breadcrumb"},"inLanguage":"en-US","potentialAction":[{"@type":"ReadAction","target":["https:\/\/haleco.ca\/en\/faq\/"]}]},{"@type":"BreadcrumbList","@id":"https:\/\/haleco.ca\/en\/faq\/#breadcrumb","itemListElement":[{"@type":"ListItem","position":1,"name":"Accueil","item":"https:\/\/haleco.ca\/en\/home\/"},{"@type":"ListItem","position":2,"name":"FAQ"}]},{"@type":"WebSite","@id":"https:\/\/haleco.ca\/en\/#website","url":"https:\/\/haleco.ca\/en\/","name":"Haleco - Studios et appartements \u00e0 louer \u00e0 Montr\u00e9al","description":"","publisher":{"@id":"https:\/\/haleco.ca\/en\/#organization"},"potentialAction":[{"@type":"SearchAction","target":{"@type":"EntryPoint","urlTemplate":"https:\/\/haleco.ca\/en\/?s={search_term_string}"},"query-input":{"@type":"PropertyValueSpecification","valueRequired":true,"valueName":"search_term_string"}}],"inLanguage":"en-US"},{"@type":"Organization","@id":"https:\/\/haleco.ca\/en\/#organization","name":"Haleco - Studios et appartements \u00e0 louer \u00e0 Montr\u00e9al","url":"https:\/\/haleco.ca\/en\/","logo":{"@type":"ImageObject","inLanguage":"en-US","@id":"https:\/\/haleco.ca\/en\/#\/schema\/logo\/image\/","url":"https:\/\/haleco.ca\/wp-content\/uploads\/2025\/05\/logo-haleco.svg","contentUrl":"https:\/\/haleco.ca\/wp-content\/uploads\/2025\/05\/logo-haleco.svg","caption":"Haleco - Studios et appartements \u00e0 louer \u00e0 Montr\u00e9al"},"image":{"@id":"https:\/\/haleco.ca\/en\/#\/schema\/logo\/image\/"},"sameAs":["https:\/\/www.facebook.com\/people\/Haleco-Montral\/100083348798834\/","https:\/\/www.instagram.com\/haleco_mtl\/"]}]}},"_links":{"self":[{"href":"https:\/\/haleco.ca\/en\/wp-json\/wp\/v2\/pages\/5412","targetHints":{"allow":["GET"]}}],"collection":[{"href":"https:\/\/haleco.ca\/en\/wp-json\/wp\/v2\/pages"}],"about":[{"href":"https:\/\/haleco.ca\/en\/wp-json\/wp\/v2\/types\/page"}],"author":[{"embeddable":true,"href":"https:\/\/haleco.ca\/en\/wp-json\/wp\/v2\/users\/1"}],"replies":[{"embeddable":true,"href":"https:\/\/haleco.ca\/en\/wp-json\/wp\/v2\/comments?post=5412"}],"version-history":[{"count":3,"href":"https:\/\/haleco.ca\/en\/wp-json\/wp\/v2\/pages\/5412\/revisions"}],"predecessor-version":[{"id":5415,"href":"https:\/\/haleco.ca\/en\/wp-json\/wp\/v2\/pages\/5412\/revisions\/5415"}],"wp:attachment":[{"href":"https:\/\/haleco.ca\/en\/wp-json\/wp\/v2\/media?parent=5412"}],"curies":[{"name":"wp","href":"https:\/\/api.w.org\/{rel}","templated":true}]}}