{"id":4338,"date":"2025-05-19T10:30:48","date_gmt":"2025-05-19T14:30:48","guid":{"rendered":"https:\/\/haleco.ca\/disclaimer\/"},"modified":"2025-05-30T16:06:50","modified_gmt":"2025-05-30T20:06:50","slug":"disclaimer","status":"publish","type":"page","link":"https:\/\/haleco.ca\/en\/disclaimer\/","title":{"rendered":"Disclaimer"},"content":{"rendered":"\t\t<div data-elementor-type=\"wp-page\" data-elementor-id=\"4338\" class=\"elementor elementor-4338 elementor-262\" data-elementor-post-type=\"page\">\n\t\t\t\t<div class=\"elementor-element elementor-element-3d868bd e-con-full e-flex elementor-invisible e-con e-parent\" data-id=\"3d868bd\" data-element_type=\"container\" data-e-type=\"container\" data-settings=\"{&quot;background_background&quot;:&quot;classic&quot;,&quot;animation&quot;:&quot;fadeIn&quot;}\">\n\t\t<div class=\"elementor-element elementor-element-a6f88f4 e-con-full e-flex e-con e-child\" data-id=\"a6f88f4\" data-element_type=\"container\" data-e-type=\"container\">\n\t\t\t\t<\/div>\n\t\t\t\t<\/div>\n\t\t<div class=\"elementor-element elementor-element-e8c7ffb e-con-full e-flex e-con e-parent\" data-id=\"e8c7ffb\" data-element_type=\"container\" data-e-type=\"container\">\n\t\t\t\t<div class=\"elementor-element elementor-element-cea24fa elementor-invisible elementor-widget elementor-widget-heading\" data-id=\"cea24fa\" data-element_type=\"widget\" data-e-type=\"widget\" data-settings=\"{&quot;_animation&quot;:&quot;fadeInDown&quot;}\" data-widget_type=\"heading.default\">\n\t\t\t\t<div class=\"elementor-widget-container\">\n\t\t\t\t\t<h3 class=\"elementor-heading-title elementor-size-default\">Disclaimer<\/h3>\t\t\t\t<\/div>\n\t\t\t\t<\/div>\n\t\t\t\t<div class=\"elementor-element elementor-element-9c33cd7 elementor-widget-divider--view-line elementor-widget elementor-widget-divider\" data-id=\"9c33cd7\" data-element_type=\"widget\" data-e-type=\"widget\" data-widget_type=\"divider.default\">\n\t\t\t\t<div class=\"elementor-widget-container\">\n\t\t\t\t\t\t\t<div class=\"elementor-divider\">\n\t\t\t<span class=\"elementor-divider-separator\">\n\t\t\t\t\t\t<\/span>\n\t\t<\/div>\n\t\t\t\t\t\t<\/div>\n\t\t\t\t<\/div>\n\t\t\t\t<div class=\"elementor-element elementor-element-8a0ea41 elementor-widget elementor-widget-text-editor\" data-id=\"8a0ea41\" data-element_type=\"widget\" data-e-type=\"widget\" data-widget_type=\"text-editor.default\">\n\t\t\t\t<div class=\"elementor-widget-container\">\n\t\t\t\t\t\t\t\t\tImages are artist&#8217;s illustrations for illustrative purposes only and may be subject to change at any time.\t\t\t\t\t\t\t\t<\/div>\n\t\t\t\t<\/div>\n\t\t\t\t<\/div>\n\t\t\t\t<\/div>\n\t\t","protected":false},"excerpt":{"rendered":"<p>Disclaimer Images are artist&#8217;s illustrations for illustrative purposes only and may be subject to change at any time.<\/p>\n","protected":false},"author":1,"featured_media":0,"parent":0,"menu_order":0,"comment_status":"closed","ping_status":"closed","template":"","meta":{"_acf_changed":false,"site-sidebar-layout":"no-sidebar","site-content-layout":"","ast-site-content-layout":"full-width-container","site-content-style":"default","site-sidebar-style":"default","ast-global-header-display":"","ast-banner-title-visibility":"","ast-main-header-display":"","ast-hfb-above-header-display":"","ast-hfb-below-header-display":"","ast-hfb-mobile-header-display":"","site-post-title":"disabled","ast-breadcrumbs-content":"","ast-featured-img":"disabled","footer-sml-layout":"","ast-disable-related-posts":"","theme-transparent-header-meta":"","adv-header-id-meta":"","stick-header-meta":"","header-above-stick-meta":"","header-main-stick-meta":"","header-below-stick-meta":"","astra-migrate-meta-layouts":"default","ast-page-background-enabled":"default","ast-page-background-meta":{"desktop":{"background-color":"var(--ast-global-color-5)","background-image":"","background-repeat":"repeat","background-position":"center center","background-size":"auto","background-attachment":"scroll","background-type":"","background-media":"","overlay-type":"","overlay-color":"","overlay-opacity":"","overlay-gradient":""},"tablet":{"background-color":"","background-image":"","background-repeat":"repeat","background-position":"center center","background-size":"auto","background-attachment":"scroll","background-type":"","background-media":"","overlay-type":"","overlay-color":"","overlay-opacity":"","overlay-gradient":""},"mobile":{"background-color":"","background-image":"","background-repeat":"repeat","background-position":"center center","background-size":"auto","background-attachment":"scroll","background-type":"","background-media":"","overlay-type":"","overlay-color":"","overlay-opacity":"","overlay-gradient":""}},"ast-content-background-meta":{"desktop":{"background-color":"var(--ast-global-color-4)","background-image":"","background-repeat":"repeat","background-position":"center center","background-size":"auto","background-attachment":"scroll","background-type":"","background-media":"","overlay-type":"","overlay-color":"","overlay-opacity":"","overlay-gradient":""},"tablet":{"background-color":"var(--ast-global-color-4)","background-image":"","background-repeat":"repeat","background-position":"center center","background-size":"auto","background-attachment":"scroll","background-type":"","background-media":"","overlay-type":"","overlay-color":"","overlay-opacity":"","overlay-gradient":""},"mobile":{"background-color":"var(--ast-global-color-4)","background-image":"","background-repeat":"repeat","background-position":"center center","background-size":"auto","background-attachment":"scroll","background-type":"","background-media":"","overlay-type":"","overlay-color":"","overlay-opacity":"","overlay-gradient":""}},"footnotes":""},"class_list":["post-4338","page","type-page","status-publish","hentry"],"acf":[],"yoast_head":"<!-- This site is optimized with the Yoast SEO plugin v27.3 - https:\/\/yoast.com\/product\/yoast-seo-wordpress\/ -->\n<title>Disclaimer - Haleco - Studios et appartements \u00e0 louer \u00e0 Montr\u00e9al<\/title>\n<meta name=\"robots\" content=\"noindex, follow\" \/>\n<meta property=\"og:locale\" content=\"en_US\" \/>\n<meta property=\"og:type\" content=\"article\" \/>\n<meta property=\"og:title\" content=\"Disclaimer - Haleco - Studios et appartements \u00e0 louer \u00e0 Montr\u00e9al\" \/>\n<meta property=\"og:description\" content=\"Disclaimer Images are artist&#8217;s illustrations for illustrative purposes only and may be subject to change at any time.\" \/>\n<meta property=\"og:url\" content=\"https:\/\/haleco.ca\/en\/disclaimer\/\" \/>\n<meta property=\"og:site_name\" content=\"Haleco - Studios et appartements \u00e0 louer \u00e0 Montr\u00e9al\" \/>\n<meta property=\"article:publisher\" content=\"https:\/\/www.facebook.com\/people\/Haleco-Montral\/100083348798834\/\" \/>\n<meta property=\"article:modified_time\" content=\"2025-05-30T20:06:50+00:00\" \/>\n<meta name=\"twitter:card\" content=\"summary_large_image\" \/>\n<meta name=\"twitter:label1\" content=\"Est. reading time\" \/>\n\t<meta name=\"twitter:data1\" content=\"1 minute\" \/>\n<script type=\"application\/ld+json\" class=\"yoast-schema-graph\">{\"@context\":\"https:\\\/\\\/schema.org\",\"@graph\":[{\"@type\":\"WebPage\",\"@id\":\"https:\\\/\\\/haleco.ca\\\/en\\\/disclaimer\\\/\",\"url\":\"https:\\\/\\\/haleco.ca\\\/en\\\/disclaimer\\\/\",\"name\":\"Disclaimer - Haleco - Studios et appartements \u00e0 louer \u00e0 Montr\u00e9al\",\"isPartOf\":{\"@id\":\"https:\\\/\\\/haleco.ca\\\/en\\\/#website\"},\"datePublished\":\"2025-05-19T14:30:48+00:00\",\"dateModified\":\"2025-05-30T20:06:50+00:00\",\"breadcrumb\":{\"@id\":\"https:\\\/\\\/haleco.ca\\\/en\\\/disclaimer\\\/#breadcrumb\"},\"inLanguage\":\"en-US\",\"potentialAction\":[{\"@type\":\"ReadAction\",\"target\":[\"https:\\\/\\\/haleco.ca\\\/en\\\/disclaimer\\\/\"]}]},{\"@type\":\"BreadcrumbList\",\"@id\":\"https:\\\/\\\/haleco.ca\\\/en\\\/disclaimer\\\/#breadcrumb\",\"itemListElement\":[{\"@type\":\"ListItem\",\"position\":1,\"name\":\"Accueil\",\"item\":\"https:\\\/\\\/haleco.ca\\\/en\\\/home\\\/\"},{\"@type\":\"ListItem\",\"position\":2,\"name\":\"Disclaimer\"}]},{\"@type\":\"WebSite\",\"@id\":\"https:\\\/\\\/haleco.ca\\\/en\\\/#website\",\"url\":\"https:\\\/\\\/haleco.ca\\\/en\\\/\",\"name\":\"Haleco - Studios et appartements \u00e0 louer \u00e0 Montr\u00e9al\",\"description\":\"\",\"publisher\":{\"@id\":\"https:\\\/\\\/haleco.ca\\\/en\\\/#organization\"},\"potentialAction\":[{\"@type\":\"SearchAction\",\"target\":{\"@type\":\"EntryPoint\",\"urlTemplate\":\"https:\\\/\\\/haleco.ca\\\/en\\\/?s={search_term_string}\"},\"query-input\":{\"@type\":\"PropertyValueSpecification\",\"valueRequired\":true,\"valueName\":\"search_term_string\"}}],\"inLanguage\":\"en-US\"},{\"@type\":\"Organization\",\"@id\":\"https:\\\/\\\/haleco.ca\\\/en\\\/#organization\",\"name\":\"Haleco - Studios et appartements \u00e0 louer \u00e0 Montr\u00e9al\",\"url\":\"https:\\\/\\\/haleco.ca\\\/en\\\/\",\"logo\":{\"@type\":\"ImageObject\",\"inLanguage\":\"en-US\",\"@id\":\"https:\\\/\\\/haleco.ca\\\/en\\\/#\\\/schema\\\/logo\\\/image\\\/\",\"url\":\"https:\\\/\\\/haleco.ca\\\/wp-content\\\/uploads\\\/2025\\\/05\\\/logo-haleco.svg\",\"contentUrl\":\"https:\\\/\\\/haleco.ca\\\/wp-content\\\/uploads\\\/2025\\\/05\\\/logo-haleco.svg\",\"caption\":\"Haleco - Studios et appartements \u00e0 louer \u00e0 Montr\u00e9al\"},\"image\":{\"@id\":\"https:\\\/\\\/haleco.ca\\\/en\\\/#\\\/schema\\\/logo\\\/image\\\/\"},\"sameAs\":[\"https:\\\/\\\/www.facebook.com\\\/people\\\/Haleco-Montral\\\/100083348798834\\\/\",\"https:\\\/\\\/www.instagram.com\\\/haleco_mtl\\\/\"]}]}<\/script>\n<!-- \/ Yoast SEO plugin. -->","yoast_head_json":{"title":"Disclaimer - Haleco - Studios et appartements \u00e0 louer \u00e0 Montr\u00e9al","robots":{"index":"noindex","follow":"follow"},"og_locale":"en_US","og_type":"article","og_title":"Disclaimer - Haleco - Studios et appartements \u00e0 louer \u00e0 Montr\u00e9al","og_description":"Disclaimer Images are artist&#8217;s illustrations for illustrative purposes only and may be subject to change at any time.","og_url":"https:\/\/haleco.ca\/en\/disclaimer\/","og_site_name":"Haleco - Studios et appartements \u00e0 louer \u00e0 Montr\u00e9al","article_publisher":"https:\/\/www.facebook.com\/people\/Haleco-Montral\/100083348798834\/","article_modified_time":"2025-05-30T20:06:50+00:00","twitter_card":"summary_large_image","twitter_misc":{"Est. reading time":"1 minute"},"schema":{"@context":"https:\/\/schema.org","@graph":[{"@type":"WebPage","@id":"https:\/\/haleco.ca\/en\/disclaimer\/","url":"https:\/\/haleco.ca\/en\/disclaimer\/","name":"Disclaimer - Haleco - Studios et appartements \u00e0 louer \u00e0 Montr\u00e9al","isPartOf":{"@id":"https:\/\/haleco.ca\/en\/#website"},"datePublished":"2025-05-19T14:30:48+00:00","dateModified":"2025-05-30T20:06:50+00:00","breadcrumb":{"@id":"https:\/\/haleco.ca\/en\/disclaimer\/#breadcrumb"},"inLanguage":"en-US","potentialAction":[{"@type":"ReadAction","target":["https:\/\/haleco.ca\/en\/disclaimer\/"]}]},{"@type":"BreadcrumbList","@id":"https:\/\/haleco.ca\/en\/disclaimer\/#breadcrumb","itemListElement":[{"@type":"ListItem","position":1,"name":"Accueil","item":"https:\/\/haleco.ca\/en\/home\/"},{"@type":"ListItem","position":2,"name":"Disclaimer"}]},{"@type":"WebSite","@id":"https:\/\/haleco.ca\/en\/#website","url":"https:\/\/haleco.ca\/en\/","name":"Haleco - Studios et appartements \u00e0 louer \u00e0 Montr\u00e9al","description":"","publisher":{"@id":"https:\/\/haleco.ca\/en\/#organization"},"potentialAction":[{"@type":"SearchAction","target":{"@type":"EntryPoint","urlTemplate":"https:\/\/haleco.ca\/en\/?s={search_term_string}"},"query-input":{"@type":"PropertyValueSpecification","valueRequired":true,"valueName":"search_term_string"}}],"inLanguage":"en-US"},{"@type":"Organization","@id":"https:\/\/haleco.ca\/en\/#organization","name":"Haleco - Studios et appartements \u00e0 louer \u00e0 Montr\u00e9al","url":"https:\/\/haleco.ca\/en\/","logo":{"@type":"ImageObject","inLanguage":"en-US","@id":"https:\/\/haleco.ca\/en\/#\/schema\/logo\/image\/","url":"https:\/\/haleco.ca\/wp-content\/uploads\/2025\/05\/logo-haleco.svg","contentUrl":"https:\/\/haleco.ca\/wp-content\/uploads\/2025\/05\/logo-haleco.svg","caption":"Haleco - Studios et appartements \u00e0 louer \u00e0 Montr\u00e9al"},"image":{"@id":"https:\/\/haleco.ca\/en\/#\/schema\/logo\/image\/"},"sameAs":["https:\/\/www.facebook.com\/people\/Haleco-Montral\/100083348798834\/","https:\/\/www.instagram.com\/haleco_mtl\/"]}]}},"_links":{"self":[{"href":"https:\/\/haleco.ca\/en\/wp-json\/wp\/v2\/pages\/4338","targetHints":{"allow":["GET"]}}],"collection":[{"href":"https:\/\/haleco.ca\/en\/wp-json\/wp\/v2\/pages"}],"about":[{"href":"https:\/\/haleco.ca\/en\/wp-json\/wp\/v2\/types\/page"}],"author":[{"embeddable":true,"href":"https:\/\/haleco.ca\/en\/wp-json\/wp\/v2\/users\/1"}],"replies":[{"embeddable":true,"href":"https:\/\/haleco.ca\/en\/wp-json\/wp\/v2\/comments?post=4338"}],"version-history":[{"count":1,"href":"https:\/\/haleco.ca\/en\/wp-json\/wp\/v2\/pages\/4338\/revisions"}],"predecessor-version":[{"id":4762,"href":"https:\/\/haleco.ca\/en\/wp-json\/wp\/v2\/pages\/4338\/revisions\/4762"}],"wp:attachment":[{"href":"https:\/\/haleco.ca\/en\/wp-json\/wp\/v2\/media?parent=4338"}],"curies":[{"name":"wp","href":"https:\/\/api.w.org\/{rel}","templated":true}]}}