{"id":4320,"date":"2025-05-13T13:04:04","date_gmt":"2025-05-13T17:04:04","guid":{"rendered":"https:\/\/haleco.ca\/partners\/"},"modified":"2025-05-30T19:12:54","modified_gmt":"2025-05-30T23:12:54","slug":"partners","status":"publish","type":"page","link":"https:\/\/haleco.ca\/en\/partners\/","title":{"rendered":"partners"},"content":{"rendered":"\t\t<div data-elementor-type=\"wp-page\" data-elementor-id=\"4320\" class=\"elementor elementor-4320 elementor-41\" data-elementor-post-type=\"page\">\n\t\t\t\t<div class=\"elementor-element elementor-element-86ce1d5 e-con-full e-flex e-con e-parent\" data-id=\"86ce1d5\" data-element_type=\"container\" data-e-type=\"container\">\n\t\t<div class=\"elementor-element elementor-element-3f1b886 e-con-full e-flex elementor-invisible e-con e-child\" data-id=\"3f1b886\" data-element_type=\"container\" data-e-type=\"container\" data-settings=\"{&quot;background_background&quot;:&quot;classic&quot;,&quot;animation&quot;:&quot;fadeIn&quot;}\">\n\t\t\t\t<\/div>\n\t\t<div class=\"elementor-element elementor-element-4a4a8be e-con-full e-flex e-con e-child\" data-id=\"4a4a8be\" data-element_type=\"container\" data-e-type=\"container\" data-settings=\"{&quot;background_background&quot;:&quot;classic&quot;}\">\n\t\t<div class=\"elementor-element elementor-element-348f3f4 e-con-full e-flex e-con e-child\" data-id=\"348f3f4\" data-element_type=\"container\" data-e-type=\"container\">\n\t\t\t\t<div class=\"elementor-element elementor-element-2a1c6b4 elementor-invisible elementor-widget elementor-widget-heading\" data-id=\"2a1c6b4\" data-element_type=\"widget\" data-e-type=\"widget\" data-settings=\"{&quot;_animation&quot;:&quot;fadeInDown&quot;}\" data-widget_type=\"heading.default\">\n\t\t\t\t<div class=\"elementor-widget-container\">\n\t\t\t\t\t<h1 class=\"elementor-heading-title elementor-size-default\">Our committed partners<\/h1>\t\t\t\t<\/div>\n\t\t\t\t<\/div>\n\t\t\t\t<div class=\"elementor-element elementor-element-eefb8ef elementor-widget-divider--view-line elementor-widget elementor-widget-divider\" data-id=\"eefb8ef\" data-element_type=\"widget\" data-e-type=\"widget\" data-widget_type=\"divider.default\">\n\t\t\t\t<div class=\"elementor-widget-container\">\n\t\t\t\t\t\t\t<div class=\"elementor-divider\">\n\t\t\t<span class=\"elementor-divider-separator\">\n\t\t\t\t\t\t<\/span>\n\t\t<\/div>\n\t\t\t\t\t\t<\/div>\n\t\t\t\t<\/div>\n\t\t\t\t<\/div>\n\t\t\t\t<div class=\"elementor-element elementor-element-c300cb7 elementor-widget elementor-widget-text-editor\" data-id=\"c300cb7\" data-element_type=\"widget\" data-e-type=\"widget\" data-widget_type=\"text-editor.default\">\n\t\t\t\t<div class=\"elementor-widget-container\">\n\t\t\t\t\t\t\t\t\tAt Haleco, we are proud to collaborate with prominent partners who share our vision of a sustainable future and an engaged community. United in our efforts, we are creating an innovative and responsible environment that blends energy efficiency with a high quality of life.\t\t\t\t\t\t\t\t<\/div>\n\t\t\t\t<\/div>\n\t\t\t\t<\/div>\n\t\t\t\t<\/div>\n\t\t<div class=\"elementor-element elementor-element-6aebc8b e-flex e-con-boxed e-con e-parent\" data-id=\"6aebc8b\" data-element_type=\"container\" data-e-type=\"container\">\n\t\t\t\t\t<div class=\"e-con-inner\">\n\t\t\t\t<div class=\"elementor-element elementor-element-8cab393 elementor-invisible elementor-widget elementor-widget-heading\" data-id=\"8cab393\" data-element_type=\"widget\" data-e-type=\"widget\" data-settings=\"{&quot;_animation&quot;:&quot;fadeInDown&quot;}\" data-widget_type=\"heading.default\">\n\t\t\t\t<div class=\"elementor-widget-container\">\n\t\t\t\t\t<h4 class=\"elementor-heading-title elementor-size-default\">Discover our partners<\/h4>\t\t\t\t<\/div>\n\t\t\t\t<\/div>\n\t\t<div class=\"elementor-element elementor-element-27fcf99 e-con-full e-flex e-con e-child\" data-id=\"27fcf99\" data-element_type=\"container\" data-e-type=\"container\">\n\t\t\t\t<div class=\"elementor-element elementor-element-a3cff5a elementor-position-left elementor-position-top elementor-vertical-align-top elementor-invisible elementor-widget elementor-widget-image-box\" data-id=\"a3cff5a\" data-element_type=\"widget\" data-e-type=\"widget\" data-settings=\"{&quot;_animation&quot;:&quot;fadeIn&quot;}\" data-widget_type=\"image-box.default\">\n\t\t\t\t<div class=\"elementor-widget-container\">\n\t\t\t\t\t<div class=\"elementor-image-box-wrapper\"><figure class=\"elementor-image-box-img\"><img decoding=\"async\" src=\"https:\/\/haleco.ca\/wp-content\/uploads\/2025\/05\/ivanhoe-cambridge-logo.svg\" class=\"attachment-full size-full wp-image-966\" alt=\"\" \/><\/figure><div class=\"elementor-image-box-content\"><p class=\"elementor-image-box-description\">A major global real estate player, Ivanho\u00e9 Cambridge develops and invests in high-quality properties and projects that shape the urban fabric of dynamic cities worldwide. With a diversified portfolio and a sustainability-driven vision, the company is committed to creating living and working spaces that meet community needs while pursuing excellence in innovation.<\/p><\/div><\/div>\t\t\t\t<\/div>\n\t\t\t\t<\/div>\n\t\t\t\t<div class=\"elementor-element elementor-element-0375449 elementor-position-left elementor-position-top elementor-vertical-align-top elementor-invisible elementor-widget elementor-widget-image-box\" data-id=\"0375449\" data-element_type=\"widget\" data-e-type=\"widget\" data-settings=\"{&quot;_animation&quot;:&quot;fadeIn&quot;,&quot;_animation_delay&quot;:100}\" data-widget_type=\"image-box.default\">\n\t\t\t\t<div class=\"elementor-widget-container\">\n\t\t\t\t\t<div class=\"elementor-image-box-wrapper\"><figure class=\"elementor-image-box-img\"><img decoding=\"async\" src=\"https:\/\/haleco.ca\/wp-content\/uploads\/2025\/05\/pomerleau-logo.svg\" class=\"attachment-full size-full wp-image-971\" alt=\"\" \/><\/figure><div class=\"elementor-image-box-content\"><p class=\"elementor-image-box-description\">A leading Canadian construction company, Pomerleau stands out for its innovative approach and mastery of cutting-edge technologies in delivering complex projects. Recognized for its multidisciplinary expertise, the company excels in building institutional, commercial, industrial, and infrastructure projects\u2014prioritizing sustainable solutions and an unwavering commitment to excellence and client satisfaction.<\/p><\/div><\/div>\t\t\t\t<\/div>\n\t\t\t\t<\/div>\n\t\t\t\t<div class=\"elementor-element elementor-element-3036bfc elementor-position-left elementor-position-top elementor-vertical-align-top elementor-invisible elementor-widget elementor-widget-image-box\" data-id=\"3036bfc\" data-element_type=\"widget\" data-e-type=\"widget\" data-settings=\"{&quot;_animation&quot;:&quot;fadeIn&quot;,&quot;_animation_delay&quot;:200}\" data-widget_type=\"image-box.default\">\n\t\t\t\t<div class=\"elementor-widget-container\">\n\t\t\t\t\t<div class=\"elementor-image-box-wrapper\"><figure class=\"elementor-image-box-img\"><img decoding=\"async\" src=\"https:\/\/haleco.ca\/wp-content\/uploads\/2025\/05\/cogir-immobilier-logo.svg\" class=\"attachment-full size-full wp-image-973\" alt=\"\" \/><\/figure><div class=\"elementor-image-box-content\"><p class=\"elementor-image-box-description\">A prominent real estate developer and manager, Cogir specializes in creating and operating exceptional residential, commercial, and hospitality environments. With a human-centered philosophy, the company designs spaces that combine functionality, aesthetics, and well-being, while delivering personalized management tailored to the expectations of occupants and investors.<\/p><\/div><\/div>\t\t\t\t<\/div>\n\t\t\t\t<\/div>\n\t\t\t\t<div class=\"elementor-element elementor-element-c403b4a elementor-position-left elementor-position-top elementor-vertical-align-top elementor-invisible elementor-widget elementor-widget-image-box\" data-id=\"c403b4a\" data-element_type=\"widget\" data-e-type=\"widget\" data-settings=\"{&quot;_animation&quot;:&quot;fadeIn&quot;,&quot;_animation_delay&quot;:300}\" data-widget_type=\"image-box.default\">\n\t\t\t\t<div class=\"elementor-widget-container\">\n\t\t\t\t\t<div class=\"elementor-image-box-wrapper\"><figure class=\"elementor-image-box-img\"><img decoding=\"async\" src=\"https:\/\/haleco.ca\/wp-content\/uploads\/2025\/05\/acdf-architecture-logo.svg\" class=\"attachment-full size-full wp-image-978\" alt=\"\" \/><\/figure><div class=\"elementor-image-box-content\"><p class=\"elementor-image-box-description\">A contemporary architecture firm renowned for bold designs and innovative projects, ACDF Architecture crafts inspiring spaces that transform everyday experiences. The agency distinguishes itself by harmonizing aesthetics, functionality, and context\u2014delivering unique architectural solutions that reflect a location\u2019s identity and address each project\u2019s specific needs.<\/p><\/div><\/div>\t\t\t\t<\/div>\n\t\t\t\t<\/div>\n\t\t\t\t<div class=\"elementor-element elementor-element-3238fd7 elementor-position-left elementor-position-top elementor-vertical-align-top elementor-invisible elementor-widget elementor-widget-image-box\" data-id=\"3238fd7\" data-element_type=\"widget\" data-e-type=\"widget\" data-settings=\"{&quot;_animation&quot;:&quot;fadeIn&quot;,&quot;_animation_delay&quot;:400}\" data-widget_type=\"image-box.default\">\n\t\t\t\t<div class=\"elementor-widget-container\">\n\t\t\t\t\t<div class=\"elementor-image-box-wrapper\"><figure class=\"elementor-image-box-img\"><img decoding=\"async\" src=\"https:\/\/haleco.ca\/wp-content\/uploads\/2025\/05\/loeuf-logo.svg\" class=\"attachment-full size-full wp-image-983\" alt=\"\" \/><\/figure><div class=\"elementor-image-box-content\"><p class=\"elementor-image-box-description\">A pioneer in ecological architecture in Qu\u00e9bec, L'\u0152UF (Office for Urban and Functional Eclecticism) is dedicated to designing sustainable, environmentally responsible buildings. The firm stands out through its holistic approach, blending technical expertise, social considerations, and ecological sensitivity\u2014creating spaces that balance energy efficiency, comfort, and aesthetics while minimizing environmental impact.<\/p><\/div><\/div>\t\t\t\t<\/div>\n\t\t\t\t<\/div>\n\t\t\t\t<\/div>\n\t\t\t\t\t<\/div>\n\t\t\t\t<\/div>\n\t\t\t\t<\/div>\n\t\t","protected":false},"excerpt":{"rendered":"<p>Our committed partners At Haleco, we are proud to collaborate with prominent partners who share our vision of a sustainable [&hellip;]<\/p>\n","protected":false},"author":1,"featured_media":0,"parent":0,"menu_order":0,"comment_status":"closed","ping_status":"closed","template":"","meta":{"_acf_changed":false,"site-sidebar-layout":"no-sidebar","site-content-layout":"","ast-site-content-layout":"full-width-container","site-content-style":"default","site-sidebar-style":"default","ast-global-header-display":"","ast-banner-title-visibility":"","ast-main-header-display":"","ast-hfb-above-header-display":"","ast-hfb-below-header-display":"","ast-hfb-mobile-header-display":"","site-post-title":"disabled","ast-breadcrumbs-content":"","ast-featured-img":"disabled","footer-sml-layout":"","ast-disable-related-posts":"","theme-transparent-header-meta":"","adv-header-id-meta":"","stick-header-meta":"","header-above-stick-meta":"","header-main-stick-meta":"","header-below-stick-meta":"","astra-migrate-meta-layouts":"default","ast-page-background-enabled":"default","ast-page-background-meta":{"desktop":{"background-color":"var(--ast-global-color-5)","background-image":"","background-repeat":"repeat","background-position":"center center","background-size":"auto","background-attachment":"scroll","background-type":"","background-media":"","overlay-type":"","overlay-color":"","overlay-opacity":"","overlay-gradient":""},"tablet":{"background-color":"","background-image":"","background-repeat":"repeat","background-position":"center center","background-size":"auto","background-attachment":"scroll","background-type":"","background-media":"","overlay-type":"","overlay-color":"","overlay-opacity":"","overlay-gradient":""},"mobile":{"background-color":"","background-image":"","background-repeat":"repeat","background-position":"center center","background-size":"auto","background-attachment":"scroll","background-type":"","background-media":"","overlay-type":"","overlay-color":"","overlay-opacity":"","overlay-gradient":""}},"ast-content-background-meta":{"desktop":{"background-color":"var(--ast-global-color-4)","background-image":"","background-repeat":"repeat","background-position":"center center","background-size":"auto","background-attachment":"scroll","background-type":"","background-media":"","overlay-type":"","overlay-color":"","overlay-opacity":"","overlay-gradient":""},"tablet":{"background-color":"var(--ast-global-color-4)","background-image":"","background-repeat":"repeat","background-position":"center center","background-size":"auto","background-attachment":"scroll","background-type":"","background-media":"","overlay-type":"","overlay-color":"","overlay-opacity":"","overlay-gradient":""},"mobile":{"background-color":"var(--ast-global-color-4)","background-image":"","background-repeat":"repeat","background-position":"center center","background-size":"auto","background-attachment":"scroll","background-type":"","background-media":"","overlay-type":"","overlay-color":"","overlay-opacity":"","overlay-gradient":""}},"footnotes":""},"class_list":["post-4320","page","type-page","status-publish","hentry"],"acf":[],"yoast_head":"<!-- This site is optimized with the Yoast SEO plugin v27.3 - https:\/\/yoast.com\/product\/yoast-seo-wordpress\/ -->\n<title>Discover the Partners of the Haleco Real Estate Project<\/title>\n<meta name=\"description\" content=\"At Haleco, we are proud to collaborate with prominent partners who share our vision of a sustainable future and an engaged community.\" \/>\n<meta name=\"robots\" content=\"index, follow, max-snippet:-1, max-image-preview:large, max-video-preview:-1\" \/>\n<link rel=\"canonical\" href=\"https:\/\/haleco.ca\/en\/partners\/\" \/>\n<meta property=\"og:locale\" content=\"en_US\" \/>\n<meta property=\"og:type\" content=\"article\" \/>\n<meta property=\"og:title\" content=\"Discover the Partners of the Haleco Real Estate Project\" \/>\n<meta property=\"og:description\" content=\"At Haleco, we are proud to collaborate with prominent partners who share our vision of a sustainable future and an engaged community.\" \/>\n<meta property=\"og:url\" content=\"https:\/\/haleco.ca\/en\/partners\/\" \/>\n<meta property=\"og:site_name\" content=\"Haleco - Studios et appartements \u00e0 louer \u00e0 Montr\u00e9al\" \/>\n<meta property=\"article:publisher\" content=\"https:\/\/www.facebook.com\/people\/Haleco-Montral\/100083348798834\/\" \/>\n<meta property=\"article:modified_time\" content=\"2025-05-30T23:12:54+00:00\" \/>\n<meta name=\"twitter:card\" content=\"summary_large_image\" \/>\n<meta name=\"twitter:label1\" content=\"Est. reading time\" \/>\n\t<meta name=\"twitter:data1\" content=\"1 minute\" \/>\n<script type=\"application\/ld+json\" class=\"yoast-schema-graph\">{\"@context\":\"https:\\\/\\\/schema.org\",\"@graph\":[{\"@type\":\"WebPage\",\"@id\":\"https:\\\/\\\/haleco.ca\\\/en\\\/partners\\\/\",\"url\":\"https:\\\/\\\/haleco.ca\\\/en\\\/partners\\\/\",\"name\":\"Discover the Partners of the Haleco Real Estate Project\",\"isPartOf\":{\"@id\":\"https:\\\/\\\/haleco.ca\\\/en\\\/#website\"},\"primaryImageOfPage\":{\"@id\":\"https:\\\/\\\/haleco.ca\\\/en\\\/partners\\\/#primaryimage\"},\"image\":{\"@id\":\"https:\\\/\\\/haleco.ca\\\/en\\\/partners\\\/#primaryimage\"},\"thumbnailUrl\":\"https:\\\/\\\/haleco.ca\\\/wp-content\\\/uploads\\\/2025\\\/05\\\/ivanhoe-cambridge-logo.svg\",\"datePublished\":\"2025-05-13T17:04:04+00:00\",\"dateModified\":\"2025-05-30T23:12:54+00:00\",\"description\":\"At Haleco, we are proud to collaborate with prominent partners who share our vision of a sustainable future and an engaged community.\",\"breadcrumb\":{\"@id\":\"https:\\\/\\\/haleco.ca\\\/en\\\/partners\\\/#breadcrumb\"},\"inLanguage\":\"en-US\",\"potentialAction\":[{\"@type\":\"ReadAction\",\"target\":[\"https:\\\/\\\/haleco.ca\\\/en\\\/partners\\\/\"]}]},{\"@type\":\"ImageObject\",\"inLanguage\":\"en-US\",\"@id\":\"https:\\\/\\\/haleco.ca\\\/en\\\/partners\\\/#primaryimage\",\"url\":\"https:\\\/\\\/haleco.ca\\\/wp-content\\\/uploads\\\/2025\\\/05\\\/ivanhoe-cambridge-logo.svg\",\"contentUrl\":\"https:\\\/\\\/haleco.ca\\\/wp-content\\\/uploads\\\/2025\\\/05\\\/ivanhoe-cambridge-logo.svg\"},{\"@type\":\"BreadcrumbList\",\"@id\":\"https:\\\/\\\/haleco.ca\\\/en\\\/partners\\\/#breadcrumb\",\"itemListElement\":[{\"@type\":\"ListItem\",\"position\":1,\"name\":\"Accueil\",\"item\":\"https:\\\/\\\/haleco.ca\\\/en\\\/home\\\/\"},{\"@type\":\"ListItem\",\"position\":2,\"name\":\"partners\"}]},{\"@type\":\"WebSite\",\"@id\":\"https:\\\/\\\/haleco.ca\\\/en\\\/#website\",\"url\":\"https:\\\/\\\/haleco.ca\\\/en\\\/\",\"name\":\"Haleco - Studios et appartements \u00e0 louer \u00e0 Montr\u00e9al\",\"description\":\"\",\"publisher\":{\"@id\":\"https:\\\/\\\/haleco.ca\\\/en\\\/#organization\"},\"potentialAction\":[{\"@type\":\"SearchAction\",\"target\":{\"@type\":\"EntryPoint\",\"urlTemplate\":\"https:\\\/\\\/haleco.ca\\\/en\\\/?s={search_term_string}\"},\"query-input\":{\"@type\":\"PropertyValueSpecification\",\"valueRequired\":true,\"valueName\":\"search_term_string\"}}],\"inLanguage\":\"en-US\"},{\"@type\":\"Organization\",\"@id\":\"https:\\\/\\\/haleco.ca\\\/en\\\/#organization\",\"name\":\"Haleco - Studios et appartements \u00e0 louer \u00e0 Montr\u00e9al\",\"url\":\"https:\\\/\\\/haleco.ca\\\/en\\\/\",\"logo\":{\"@type\":\"ImageObject\",\"inLanguage\":\"en-US\",\"@id\":\"https:\\\/\\\/haleco.ca\\\/en\\\/#\\\/schema\\\/logo\\\/image\\\/\",\"url\":\"https:\\\/\\\/haleco.ca\\\/wp-content\\\/uploads\\\/2025\\\/05\\\/logo-haleco.svg\",\"contentUrl\":\"https:\\\/\\\/haleco.ca\\\/wp-content\\\/uploads\\\/2025\\\/05\\\/logo-haleco.svg\",\"caption\":\"Haleco - Studios et appartements \u00e0 louer \u00e0 Montr\u00e9al\"},\"image\":{\"@id\":\"https:\\\/\\\/haleco.ca\\\/en\\\/#\\\/schema\\\/logo\\\/image\\\/\"},\"sameAs\":[\"https:\\\/\\\/www.facebook.com\\\/people\\\/Haleco-Montral\\\/100083348798834\\\/\",\"https:\\\/\\\/www.instagram.com\\\/haleco_mtl\\\/\"]}]}<\/script>\n<!-- \/ Yoast SEO plugin. -->","yoast_head_json":{"title":"Discover the Partners of the Haleco Real Estate Project","description":"At Haleco, we are proud to collaborate with prominent partners who share our vision of a sustainable future and an engaged community.","robots":{"index":"index","follow":"follow","max-snippet":"max-snippet:-1","max-image-preview":"max-image-preview:large","max-video-preview":"max-video-preview:-1"},"canonical":"https:\/\/haleco.ca\/en\/partners\/","og_locale":"en_US","og_type":"article","og_title":"Discover the Partners of the Haleco Real Estate Project","og_description":"At Haleco, we are proud to collaborate with prominent partners who share our vision of a sustainable future and an engaged community.","og_url":"https:\/\/haleco.ca\/en\/partners\/","og_site_name":"Haleco - Studios et appartements \u00e0 louer \u00e0 Montr\u00e9al","article_publisher":"https:\/\/www.facebook.com\/people\/Haleco-Montral\/100083348798834\/","article_modified_time":"2025-05-30T23:12:54+00:00","twitter_card":"summary_large_image","twitter_misc":{"Est. reading time":"1 minute"},"schema":{"@context":"https:\/\/schema.org","@graph":[{"@type":"WebPage","@id":"https:\/\/haleco.ca\/en\/partners\/","url":"https:\/\/haleco.ca\/en\/partners\/","name":"Discover the Partners of the Haleco Real Estate Project","isPartOf":{"@id":"https:\/\/haleco.ca\/en\/#website"},"primaryImageOfPage":{"@id":"https:\/\/haleco.ca\/en\/partners\/#primaryimage"},"image":{"@id":"https:\/\/haleco.ca\/en\/partners\/#primaryimage"},"thumbnailUrl":"https:\/\/haleco.ca\/wp-content\/uploads\/2025\/05\/ivanhoe-cambridge-logo.svg","datePublished":"2025-05-13T17:04:04+00:00","dateModified":"2025-05-30T23:12:54+00:00","description":"At Haleco, we are proud to collaborate with prominent partners who share our vision of a sustainable future and an engaged community.","breadcrumb":{"@id":"https:\/\/haleco.ca\/en\/partners\/#breadcrumb"},"inLanguage":"en-US","potentialAction":[{"@type":"ReadAction","target":["https:\/\/haleco.ca\/en\/partners\/"]}]},{"@type":"ImageObject","inLanguage":"en-US","@id":"https:\/\/haleco.ca\/en\/partners\/#primaryimage","url":"https:\/\/haleco.ca\/wp-content\/uploads\/2025\/05\/ivanhoe-cambridge-logo.svg","contentUrl":"https:\/\/haleco.ca\/wp-content\/uploads\/2025\/05\/ivanhoe-cambridge-logo.svg"},{"@type":"BreadcrumbList","@id":"https:\/\/haleco.ca\/en\/partners\/#breadcrumb","itemListElement":[{"@type":"ListItem","position":1,"name":"Accueil","item":"https:\/\/haleco.ca\/en\/home\/"},{"@type":"ListItem","position":2,"name":"partners"}]},{"@type":"WebSite","@id":"https:\/\/haleco.ca\/en\/#website","url":"https:\/\/haleco.ca\/en\/","name":"Haleco - Studios et appartements \u00e0 louer \u00e0 Montr\u00e9al","description":"","publisher":{"@id":"https:\/\/haleco.ca\/en\/#organization"},"potentialAction":[{"@type":"SearchAction","target":{"@type":"EntryPoint","urlTemplate":"https:\/\/haleco.ca\/en\/?s={search_term_string}"},"query-input":{"@type":"PropertyValueSpecification","valueRequired":true,"valueName":"search_term_string"}}],"inLanguage":"en-US"},{"@type":"Organization","@id":"https:\/\/haleco.ca\/en\/#organization","name":"Haleco - Studios et appartements \u00e0 louer \u00e0 Montr\u00e9al","url":"https:\/\/haleco.ca\/en\/","logo":{"@type":"ImageObject","inLanguage":"en-US","@id":"https:\/\/haleco.ca\/en\/#\/schema\/logo\/image\/","url":"https:\/\/haleco.ca\/wp-content\/uploads\/2025\/05\/logo-haleco.svg","contentUrl":"https:\/\/haleco.ca\/wp-content\/uploads\/2025\/05\/logo-haleco.svg","caption":"Haleco - Studios et appartements \u00e0 louer \u00e0 Montr\u00e9al"},"image":{"@id":"https:\/\/haleco.ca\/en\/#\/schema\/logo\/image\/"},"sameAs":["https:\/\/www.facebook.com\/people\/Haleco-Montral\/100083348798834\/","https:\/\/www.instagram.com\/haleco_mtl\/"]}]}},"_links":{"self":[{"href":"https:\/\/haleco.ca\/en\/wp-json\/wp\/v2\/pages\/4320","targetHints":{"allow":["GET"]}}],"collection":[{"href":"https:\/\/haleco.ca\/en\/wp-json\/wp\/v2\/pages"}],"about":[{"href":"https:\/\/haleco.ca\/en\/wp-json\/wp\/v2\/types\/page"}],"author":[{"embeddable":true,"href":"https:\/\/haleco.ca\/en\/wp-json\/wp\/v2\/users\/1"}],"replies":[{"embeddable":true,"href":"https:\/\/haleco.ca\/en\/wp-json\/wp\/v2\/comments?post=4320"}],"version-history":[{"count":1,"href":"https:\/\/haleco.ca\/en\/wp-json\/wp\/v2\/pages\/4320\/revisions"}],"predecessor-version":[{"id":4794,"href":"https:\/\/haleco.ca\/en\/wp-json\/wp\/v2\/pages\/4320\/revisions\/4794"}],"wp:attachment":[{"href":"https:\/\/haleco.ca\/en\/wp-json\/wp\/v2\/media?parent=4320"}],"curies":[{"name":"wp","href":"https:\/\/api.w.org\/{rel}","templated":true}]}}